{"id":957,"date":"2025-09-13T01:41:56","date_gmt":"2025-09-13T06:41:56","guid":{"rendered":"https:\/\/apolo24.store\/pe\/?post_type=product&#038;p=957"},"modified":"2026-01-15T23:34:46","modified_gmt":"2026-01-16T04:34:46","slug":"id142","status":"publish","type":"product","link":"https:\/\/apolo24.net.pe\/pe\/index.php\/producto\/id142\/","title":{"rendered":"MEMORIA MICRO-SD KINGSTON CANVAS SELECT 64GB UHS-I SPEED CLASS 1 U1 ID142"},"content":{"rendered":"<div class=\"c-heading\">\n<div class=\"c-heading__block\">\n<div class=\"c-heading__block__header\">\n<h1 id=\"headline\">Canvas Select Plus microSD Tarjeta de memoria<span class=\"u-txt-subhead\">con rendimiento Android de nivel A1<\/span><\/h1>\n<\/div>\n<\/div>\n<\/div>\n<div class=\"l-inner\">\n<div class=\"s-productLite__intro\">Las tarjetas microSD Canvas Select Plus de Kingston son compatibles con dispositivos Android y han sido dise\u00f1adas para un rendimiento de nivel A1. Se caracteriza por una mayor velocidad y capacidad para cargar m\u00e1s r\u00e1pido las aplicaciones, as\u00ed como para capturar im\u00e1genes y v\u00eddeos de m\u00faltiples capacidades hasta 512 GB<sup class=\"footnote-sub\" data-original=\"{{Footnote.N37130}}\">1<\/sup>. Excelentes en rendimiento, velocidad y durabilidad, las tarjeas microSD Canvas Select Plus han sido dise\u00f1adas para una alta fiabilidad al tomar fotos y filmar im\u00e1genes, as\u00ed como para editar v\u00eddeos de alta definici\u00f3n. Las tarjetas Canvas de Kingston han sido sometidas a exhaustivas pruebas en los m\u00e1s rigurosos entornos y condiciones, con el objeto de que pueda llevarlas consigo con la confianza de que sus fotos, v\u00eddeos y archivos estar\u00e1n protegidos. Disponibles con garant\u00eda vitalicia.<\/div>\n<ul id=\"features\" class=\"u-m0 u-p0 u-list-unstyled s-productLite__features\">\n<li>\n<div class=\"svg-bullet\"><\/div>\n<p>Velocidades de UHS-I Clase 10 de hasta 100 MB\/s<sup class=\"footnote-sub\" data-original=\"{{Footnote.N37139}}\">2<\/sup><\/li>\n<li>\n<div class=\"svg-bullet\"><\/div>\n<p>Optimizadas para uso con dispositivos Android<\/li>\n<li>\n<div class=\"svg-bullet\"><\/div>\n<p>Capacidades de hasta 512 GB<sup class=\"footnote-sub\" data-original=\"{{Footnote.N37130}}\">1<\/sup><\/li>\n<li>\n<div class=\"svg-bullet\"><\/div>\n<p>Duraderas<\/li>\n<\/ul>\n<section id=\"key-feature\" class=\"s-header t-cloudy\">\n<div class=\"c-heading\">\n<div class=\"c-heading__block\">\n<div class=\"c-heading__block__header\">\n<h2>Caracter\u00edsticas fundamentales<\/h2>\n<\/div>\n<\/div>\n<\/div>\n<\/section>\n<section id=\"key-feature-56988-1\" class=\"section-key_features s-keyFeature s-keyFeature--posTR\"><picture class=\"e-picture s-keyFeature__image\"><source srcset=\"https:\/\/media.kingston.com\/kingston\/key-features\/ktc-keyfeatures-microsd-canvas-select-plus-1-sm.jpg\" media=\"(max-width:32em)\" \/><source srcset=\"https:\/\/media.kingston.com\/kingston\/key-features\/ktc-keyfeatures-microsd-canvas-select-plus-1-md.jpg\" media=\"(max-width:64em)\" \/><img decoding=\"async\" title=\"Mayores velocidades\" src=\"https:\/\/media.kingston.com\/kingston\/key-features\/ktc-keyfeatures-microsd-canvas-select-plus-1-lg.jpg\" alt=\"Mayores velocidades\" \/><\/picture>\n<div class=\"l-inner u-p0\">\n<article class=\"s-keyFeature__content u-p\">\n<h4>Mayores velocidades<\/h4>\n<p>&nbsp;<\/p>\n<\/article>\n<\/div>\n<\/section>\n<section id=\"key-feature-56988-2\" class=\"section-key_features s-keyFeature s-keyFeature--txtWhite s-keyFeature--posTR\"><picture class=\"e-picture s-keyFeature__image\"><source srcset=\"https:\/\/media.kingston.com\/kingston\/key-features\/ktc-keyfeatures-microsd-canvas-select-plus-2-sm.jpg\" media=\"(max-width:32em)\" \/><source srcset=\"https:\/\/media.kingston.com\/kingston\/key-features\/ktc-keyfeatures-microsd-canvas-select-plus-2-md.jpg\" media=\"(max-width:64em)\" \/><img decoding=\"async\" title=\"Optimizadas para uso con dispositivos Android\" src=\"https:\/\/media.kingston.com\/kingston\/key-features\/ktc-keyfeatures-microsd-canvas-select-plus-2-lg.jpg\" alt=\"Optimizadas para uso con dispositivos Android\" \/><\/picture>\n<div class=\"l-inner u-p0\">\n<article class=\"s-keyFeature__content u-p\">\n<h4>Optimizadas para uso con dispositivos Android<\/h4>\n<\/article>\n<\/div>\n<\/section>\n<\/div>\n","protected":false},"excerpt":{"rendered":"<p>Canvas Select Plus microSD Tarjeta de memoriacon rendimiento Android de nivel A1 Las tarjetas microSD Canvas Select Plus de Kingston son compatibles con dispositivos Android y han sido dise\u00f1adas para un rendimiento de nivel A1. Se caracteriza por una mayor velocidad y capacidad para cargar m\u00e1s r\u00e1pido las aplicaciones, as\u00ed como para capturar im\u00e1genes y &hellip;<\/p>\n<p class=\"read-more\"> <a class=\" thunk-readmore button \" href=\"https:\/\/apolo24.net.pe\/pe\/index.php\/producto\/id142\/\"> <span class=\"screen-reader-text\">MEMORIA MICRO-SD KINGSTON CANVAS SELECT 64GB UHS-I SPEED CLASS 1 U1 ID142<\/span>Leer m\u00e1s<\/a><\/p>\n","protected":false},"featured_media":958,"template":"","meta":[],"product_brand":[],"product_cat":[51,161,52,56,92,159],"product_tag":[],"class_list":{"0":"post-957","1":"product","2":"type-product","3":"status-publish","4":"has-post-thumbnail","6":"product_cat-computo","7":"product_cat-64gb-micro-sd","8":"product_cat-almacenamiento","9":"product_cat-celulares","10":"product_cat-micro-sd","11":"product_cat-micro-sd-almacenamiento","12":"thunk-woo-product-list","13":"open-woo-hover-zoom","14":"open-single-product-tab-horizontal","15":"open-shadow-","16":"open-shadow-hover-","18":"first","19":"instock","20":"shipping-taxable","21":"purchasable","22":"product-type-simple"},"_links":{"self":[{"href":"https:\/\/apolo24.net.pe\/pe\/index.php\/wp-json\/wp\/v2\/product\/957","targetHints":{"allow":["GET"]}}],"collection":[{"href":"https:\/\/apolo24.net.pe\/pe\/index.php\/wp-json\/wp\/v2\/product"}],"about":[{"href":"https:\/\/apolo24.net.pe\/pe\/index.php\/wp-json\/wp\/v2\/types\/product"}],"wp:featuredmedia":[{"embeddable":true,"href":"https:\/\/apolo24.net.pe\/pe\/index.php\/wp-json\/wp\/v2\/media\/958"}],"wp:attachment":[{"href":"https:\/\/apolo24.net.pe\/pe\/index.php\/wp-json\/wp\/v2\/media?parent=957"}],"wp:term":[{"taxonomy":"product_brand","embeddable":true,"href":"https:\/\/apolo24.net.pe\/pe\/index.php\/wp-json\/wp\/v2\/product_brand?post=957"},{"taxonomy":"product_cat","embeddable":true,"href":"https:\/\/apolo24.net.pe\/pe\/index.php\/wp-json\/wp\/v2\/product_cat?post=957"},{"taxonomy":"product_tag","embeddable":true,"href":"https:\/\/apolo24.net.pe\/pe\/index.php\/wp-json\/wp\/v2\/product_tag?post=957"}],"curies":[{"name":"wp","href":"https:\/\/api.w.org\/{rel}","templated":true}]}}